{"id":2573,"date":"2023-06-26T16:26:19","date_gmt":"2023-06-26T08:26:19","guid":{"rendered":"https:\/\/feibor.com.tw\/?post_type=product&#038;p=2573"},"modified":"2023-06-26T16:26:19","modified_gmt":"2023-06-26T08:26:19","slug":"%e6%a8%99%e6%ba%96%e5%9e%8b%e5%a2%9e%e5%a3%93%e7%bc%b8","status":"publish","type":"product","link":"https:\/\/feibor.com.tw\/en\/product\/%e6%a8%99%e6%ba%96%e5%9e%8b%e5%a2%9e%e5%a3%93%e7%bc%b8\/","title":{"rendered":"\u6a19\u6e96\u578b\u589e\u58d3\u7f38"},"content":{"rendered":"<table>\n<tbody>\n<tr>\n<td>\u589e\u58d3\u63a8\u529b\u503c<\/td>\n<td>1T\/3T\/5T\/10T\/20T<\/td>\n<\/tr>\n<tr>\n<td>\u4e3b\u6cb9\u7f38\u5f91<\/td>\n<td>1T:\u00d850<br \/>\n3T:\u00d863<br \/>\n5T:\u00d880<br \/>\n10T:\u00d8100<br \/>\n20T:\u00d8125<\/td>\n<\/tr>\n<tr>\n<td>\u52a0\u58d3\u6c23\u7f38\u5f91<\/td>\n<td>1T:\u00d863<br \/>\n3T:\u00d880<br \/>\n5T:\u00d8100<br \/>\n10T:\u00d8125<br \/>\n20T:\u00d8160<\/td>\n<\/tr>\n<tr>\n<td>\u589e\u58d3\u884c\u7a0b<\/td>\n<td>5, 10, 15, 20<\/td>\n<\/tr>\n<tr>\n<td>\u4f5c\u52d5\u578b\u5f0f<\/td>\n<td>\u8907\u52d5<\/td>\n<\/tr>\n<tr>\n<td>\u4f7f\u7528\u6d41\u9ad4<\/td>\n<td>\u5df2\u6ffe\u6e05\u4e4b\u58d3\u7e2e\u7a7a\u6c23<\/td>\n<\/tr>\n<tr>\n<td>\u4f7f\u7528\u58d3\u529b\u7bc4\u570d(kgf\/cm\u00b2 (kPa))<\/td>\n<td>2\u223c7 ( 200\u223c700 )<\/td>\n<\/tr>\n<tr>\n<td>\u4f4e\u58d3\u884c\u7a0b\u4f7f\u7528\u901f\u5ea6\u7bc4\u570d(mm\/s)<\/td>\n<td>1T\/3T:500<br \/>\n5T:400<br \/>\n10T:300<br \/>\n20T:250<\/td>\n<\/tr>\n<tr>\n<td>\u52a0\u58d3\u884c\u7a0b\u4f7f\u7528\u901f\u5ea6\u7bc4\u570d(mm\/s)<\/td>\n<td>1T\/3T:40<br \/>\n5T:20<br \/>\n10T:12<br \/>\n20T:8<\/td>\n<\/tr>\n<tr>\n<td>\u5de5\u4f5c\u983b\u7387(max.)(\u6b21\/min)<\/td>\n<td>1T:40<br \/>\n3T:30<br \/>\n5T:20<br \/>\n10T:10<br \/>\n20T:6<\/td>\n<\/tr>\n<tr>\n<td>\u5faa\u74b0\u6cb9<\/td>\n<td>ISO VG68<\/td>\n<\/tr>\n<tr>\n<td>\u4f7f\u7528\u6eab\u5ea6(\u00b0C)<\/td>\n<td>-5 ~ 60<\/td>\n<\/tr>\n<\/tbody>\n<\/table>","protected":false},"excerpt":{"rendered":"<p>\u589e\u58d3\u63a8\u529b\u503c 1T\/3T\/5T\/10T\/20T \u4e3b\u6cb9\u7f38\u5f91 1T:\u00d850 3T:\u00d863 5T:\u00d880 10T:\u00d81 [&hellip;]<\/p>","protected":false},"featured_media":2574,"template":"","meta":{"rank_math_lock_modified_date":false,"_uag_custom_page_level_css":"","site-sidebar-layout":"default","site-content-layout":"default","ast-site-content-layout":"","site-content-style":"default","site-sidebar-style":"default","ast-global-header-display":"","ast-banner-title-visibility":"","ast-main-header-display":"","ast-hfb-above-header-display":"","ast-hfb-below-header-display":"","ast-hfb-mobile-header-display":"","site-post-title":"","ast-breadcrumbs-content":"","ast-featured-img":"","footer-sml-layout":"","theme-transparent-header-meta":"default","adv-header-id-meta":"","stick-header-meta":"default","header-above-stick-meta":"","header-main-stick-meta":"","header-below-stick-meta":"","astra-migrate-meta-layouts":"default","ast-page-background-enabled":"default","ast-page-background-meta":{"desktop":{"background-color":"var(--ast-global-color-4)","background-image":"","background-repeat":"repeat","background-position":"center center","background-size":"auto","background-attachment":"scroll","background-type":"","background-media":"","overlay-type":"","overlay-color":"","overlay-gradient":""},"tablet":{"background-color":"","background-image":"","background-repeat":"repeat","background-position":"center center","background-size":"auto","background-attachment":"scroll","background-type":"","background-media":"","overlay-type":"","overlay-color":"","overlay-gradient":""},"mobile":{"background-color":"","background-image":"","background-repeat":"repeat","background-position":"center center","background-size":"auto","background-attachment":"scroll","background-type":"","background-media":"","overlay-type":"","overlay-color":"","overlay-gradient":""}},"ast-content-background-meta":{"desktop":{"background-color":"var(--ast-global-color-5)","background-image":"","background-repeat":"repeat","background-position":"center center","background-size":"auto","background-attachment":"scroll","background-type":"","background-media":"","overlay-type":"","overlay-color":"","overlay-gradient":""},"tablet":{"background-color":"var(--ast-global-color-5)","background-image":"","background-repeat":"repeat","background-position":"center center","background-size":"auto","background-attachment":"scroll","background-type":"","background-media":"","overlay-type":"","overlay-color":"","overlay-gradient":""},"mobile":{"background-color":"var(--ast-global-color-5)","background-image":"","background-repeat":"repeat","background-position":"center center","background-size":"auto","background-attachment":"scroll","background-type":"","background-media":"","overlay-type":"","overlay-color":"","overlay-gradient":""}}},"product_cat":[72,48,35],"product_tag":[59],"class_list":{"0":"post-2573","1":"product","2":"type-product","3":"status-publish","4":"has-post-thumbnail","6":"product_cat-72","7":"product_cat-48","8":"product_cat-cylinder","9":"product_tag-59","10":"desktop-align-left","11":"tablet-align-left","12":"mobile-align-left","13":"ast-product-gallery-layout-horizontal-slider","14":"ast-product-gallery-with-no-image","15":"ast-product-tabs-layout-horizontal","17":"first","18":"instock","19":"shipping-taxable","20":"product-type-simple"},"acf":[],"uagb_featured_image_src":{"full":["https:\/\/feibor.com.tw\/wp-content\/uploads\/2023\/06\/Boosting-Cylinder-002.png",250,250,false],"thumbnail":["https:\/\/feibor.com.tw\/wp-content\/uploads\/2023\/06\/Boosting-Cylinder-002-150x150.png",150,150,true],"medium":["https:\/\/feibor.com.tw\/wp-content\/uploads\/2023\/06\/Boosting-Cylinder-002.png",250,250,false],"medium_large":["https:\/\/feibor.com.tw\/wp-content\/uploads\/2023\/06\/Boosting-Cylinder-002.png",250,250,false],"large":["https:\/\/feibor.com.tw\/wp-content\/uploads\/2023\/06\/Boosting-Cylinder-002.png",250,250,false],"1536x1536":["https:\/\/feibor.com.tw\/wp-content\/uploads\/2023\/06\/Boosting-Cylinder-002.png",250,250,false],"2048x2048":["https:\/\/feibor.com.tw\/wp-content\/uploads\/2023\/06\/Boosting-Cylinder-002.png",250,250,false],"trp-custom-language-flag":["https:\/\/feibor.com.tw\/wp-content\/uploads\/2023\/06\/Boosting-Cylinder-002-12x12.png",12,12,true],"woocommerce_thumbnail":["https:\/\/feibor.com.tw\/wp-content\/uploads\/2023\/06\/Boosting-Cylinder-002.png",250,250,false],"woocommerce_single":["https:\/\/feibor.com.tw\/wp-content\/uploads\/2023\/06\/Boosting-Cylinder-002.png",250,250,false],"woocommerce_gallery_thumbnail":["https:\/\/feibor.com.tw\/wp-content\/uploads\/2023\/06\/Boosting-Cylinder-002-100x100.png",100,100,true]},"uagb_author_info":{"display_name":"feibor","author_link":false},"uagb_comment_info":0,"uagb_excerpt":"\u589e\u58d3\u63a8\u529b\u503c 1T\/3T\/5T\/10T\/20T \u4e3b\u6cb9\u7f38\u5f91 1T:\u00d850 3T:\u00d863 5T:\u00d880 10T:\u00d81&hellip;","_links":{"self":[{"href":"https:\/\/feibor.com.tw\/en\/wp-json\/wp\/v2\/product\/2573","targetHints":{"allow":["GET"]}}],"collection":[{"href":"https:\/\/feibor.com.tw\/en\/wp-json\/wp\/v2\/product"}],"about":[{"href":"https:\/\/feibor.com.tw\/en\/wp-json\/wp\/v2\/types\/product"}],"version-history":[{"count":1,"href":"https:\/\/feibor.com.tw\/en\/wp-json\/wp\/v2\/product\/2573\/revisions"}],"predecessor-version":[{"id":2575,"href":"https:\/\/feibor.com.tw\/en\/wp-json\/wp\/v2\/product\/2573\/revisions\/2575"}],"wp:featuredmedia":[{"embeddable":true,"href":"https:\/\/feibor.com.tw\/en\/wp-json\/wp\/v2\/media\/2574"}],"wp:attachment":[{"href":"https:\/\/feibor.com.tw\/en\/wp-json\/wp\/v2\/media?parent=2573"}],"wp:term":[{"taxonomy":"product_cat","embeddable":true,"href":"https:\/\/feibor.com.tw\/en\/wp-json\/wp\/v2\/product_cat?post=2573"},{"taxonomy":"product_tag","embeddable":true,"href":"https:\/\/feibor.com.tw\/en\/wp-json\/wp\/v2\/product_tag?post=2573"}],"curies":[{"name":"wp","href":"https:\/\/api.w.org\/{rel}","templated":true}]}}