{"id":2584,"date":"2023-06-26T16:47:23","date_gmt":"2023-06-26T08:47:23","guid":{"rendered":"https:\/\/feibor.com.tw\/?post_type=product&#038;p=2584"},"modified":"2023-06-26T16:47:32","modified_gmt":"2023-06-26T08:47:32","slug":"hck-%e6%a7%93%e6%a1%bf%e5%bc%8f%e5%a4%be%e7%b7%8a%e7%bc%b8","status":"publish","type":"product","link":"https:\/\/feibor.com.tw\/en\/product\/hck-%e6%a7%93%e6%a1%bf%e5%bc%8f%e5%a4%be%e7%b7%8a%e7%bc%b8\/","title":{"rendered":"\u69d3\u687f\u5f0f\u593e\u7dca\u7f38"},"content":{"rendered":"<table>\n<tbody>\n<tr>\n<td>\u7f38\u5f91(mm)<\/td>\n<td>\u00d825,\u00d832,\u00d840,\u00d850,\u00d863<\/td>\n<\/tr>\n<tr>\n<td>\u6c23\u7f38\u884c\u7a0b(mm)<\/td>\n<td>\u00d825,\u00d832:20<br \/>\n\u00d840:25<br \/>\n\u00d850:30<br \/>\n\u00d863:35<\/td>\n<\/tr>\n<tr>\n<td>\u4f5c\u7528\u5f62\u5f0f<\/td>\n<td>\u8907\u52d5\u5f0f\u6c23\u7f38<\/td>\n<\/tr>\n<tr>\n<td>\u4f7f\u7528\u6d41\u9ad4<\/td>\n<td>\u58d3\u7e2e\u7a7a\u6c23<\/td>\n<\/tr>\n<tr>\n<td>\u6700\u5927\u4f7f\u7528\u58d3\u529b(kgf\/cm\u00b2 (kPa))<\/td>\n<td>9(900)<\/td>\n<\/tr>\n<tr>\n<td>\u4f7f\u7528\u58d3\u529b\u7bc4\u570d(kgf\/cm\u00b2 (kPa))<\/td>\n<td>1 ~ 7(100~ 700)<\/td>\n<\/tr>\n<tr>\n<td>\u4f7f\u7528\u6eab\u5ea6\u7bc4\u570d(\u00b0C)<\/td>\n<td>-10~60<\/td>\n<\/tr>\n<tr>\n<td>\u6f64\u6ed1<\/td>\n<td>\u81ea\u7531\u4f9b\u7d66\u65b9\u5f0f<\/td>\n<\/tr>\n<tr>\n<td>\u53e3\u5f91<\/td>\n<td>\u00d825:M5x0.8<br \/>\n\u00d832,\u00d840:PT1\/8<br \/>\n\u00d850,\u00d863:PT1\/4<\/td>\n<\/tr>\n<tr>\n<td>\u611f\u61c9\u88dd\u7f6e<\/td>\n<td>\u9078\u8cfc\u54c1\uff08\u8a02\u8cfc\u6642\u9808\u6ce8\u9644\u52a0\u78c1\u77f3-&#8220;S&#8221;\uff09<\/td>\n<\/tr>\n<\/tbody>\n<\/table>","protected":false},"excerpt":{"rendered":"<p>\u7f38\u5f91(mm) \u00d825,\u00d832,\u00d840,\u00d850,\u00d863 \u6c23\u7f38\u884c\u7a0b(mm) \u00d825,\u00d832:20 \u00d840:25 \u00d8 [&hellip;]<\/p>","protected":false},"featured_media":2585,"template":"","meta":{"rank_math_lock_modified_date":false,"_uag_custom_page_level_css":"","site-sidebar-layout":"default","site-content-layout":"default","ast-site-content-layout":"","site-content-style":"default","site-sidebar-style":"default","ast-global-header-display":"","ast-banner-title-visibility":"","ast-main-header-display":"","ast-hfb-above-header-display":"","ast-hfb-below-header-display":"","ast-hfb-mobile-header-display":"","site-post-title":"","ast-breadcrumbs-content":"","ast-featured-img":"","footer-sml-layout":"","theme-transparent-header-meta":"default","adv-header-id-meta":"","stick-header-meta":"default","header-above-stick-meta":"","header-main-stick-meta":"","header-below-stick-meta":"","astra-migrate-meta-layouts":"default","ast-page-background-enabled":"default","ast-page-background-meta":{"desktop":{"background-color":"var(--ast-global-color-4)","background-image":"","background-repeat":"repeat","background-position":"center center","background-size":"auto","background-attachment":"scroll","background-type":"","background-media":"","overlay-type":"","overlay-color":"","overlay-gradient":""},"tablet":{"background-color":"","background-image":"","background-repeat":"repeat","background-position":"center center","background-size":"auto","background-attachment":"scroll","background-type":"","background-media":"","overlay-type":"","overlay-color":"","overlay-gradient":""},"mobile":{"background-color":"","background-image":"","background-repeat":"repeat","background-position":"center center","background-size":"auto","background-attachment":"scroll","background-type":"","background-media":"","overlay-type":"","overlay-color":"","overlay-gradient":""}},"ast-content-background-meta":{"desktop":{"background-color":"var(--ast-global-color-5)","background-image":"","background-repeat":"repeat","background-position":"center center","background-size":"auto","background-attachment":"scroll","background-type":"","background-media":"","overlay-type":"","overlay-color":"","overlay-gradient":""},"tablet":{"background-color":"var(--ast-global-color-5)","background-image":"","background-repeat":"repeat","background-position":"center center","background-size":"auto","background-attachment":"scroll","background-type":"","background-media":"","overlay-type":"","overlay-color":"","overlay-gradient":""},"mobile":{"background-color":"var(--ast-global-color-5)","background-image":"","background-repeat":"repeat","background-position":"center center","background-size":"auto","background-attachment":"scroll","background-type":"","background-media":"","overlay-type":"","overlay-color":"","overlay-gradient":""}}},"product_cat":[72,49,35],"product_tag":[59],"class_list":{"0":"post-2584","1":"product","2":"type-product","3":"status-publish","4":"has-post-thumbnail","6":"product_cat-72","7":"product_cat-49","8":"product_cat-cylinder","9":"product_tag-59","10":"desktop-align-left","11":"tablet-align-left","12":"mobile-align-left","13":"ast-product-gallery-layout-horizontal-slider","14":"ast-product-gallery-with-no-image","15":"ast-product-tabs-layout-horizontal","17":"first","18":"instock","19":"shipping-taxable","20":"product-type-simple"},"acf":[],"uagb_featured_image_src":{"full":["https:\/\/feibor.com.tw\/wp-content\/uploads\/2023\/06\/Lever-Clamp-Cylinder-001.png",250,250,false],"thumbnail":["https:\/\/feibor.com.tw\/wp-content\/uploads\/2023\/06\/Lever-Clamp-Cylinder-001-150x150.png",150,150,true],"medium":["https:\/\/feibor.com.tw\/wp-content\/uploads\/2023\/06\/Lever-Clamp-Cylinder-001.png",250,250,false],"medium_large":["https:\/\/feibor.com.tw\/wp-content\/uploads\/2023\/06\/Lever-Clamp-Cylinder-001.png",250,250,false],"large":["https:\/\/feibor.com.tw\/wp-content\/uploads\/2023\/06\/Lever-Clamp-Cylinder-001.png",250,250,false],"1536x1536":["https:\/\/feibor.com.tw\/wp-content\/uploads\/2023\/06\/Lever-Clamp-Cylinder-001.png",250,250,false],"2048x2048":["https:\/\/feibor.com.tw\/wp-content\/uploads\/2023\/06\/Lever-Clamp-Cylinder-001.png",250,250,false],"trp-custom-language-flag":["https:\/\/feibor.com.tw\/wp-content\/uploads\/2023\/06\/Lever-Clamp-Cylinder-001-12x12.png",12,12,true],"woocommerce_thumbnail":["https:\/\/feibor.com.tw\/wp-content\/uploads\/2023\/06\/Lever-Clamp-Cylinder-001.png",250,250,false],"woocommerce_single":["https:\/\/feibor.com.tw\/wp-content\/uploads\/2023\/06\/Lever-Clamp-Cylinder-001.png",250,250,false],"woocommerce_gallery_thumbnail":["https:\/\/feibor.com.tw\/wp-content\/uploads\/2023\/06\/Lever-Clamp-Cylinder-001-100x100.png",100,100,true]},"uagb_author_info":{"display_name":"feibor","author_link":false},"uagb_comment_info":0,"uagb_excerpt":"\u7f38\u5f91(mm) \u00d825,\u00d832,\u00d840,\u00d850,\u00d863 \u6c23\u7f38\u884c\u7a0b(mm) \u00d825,\u00d832:20 \u00d840:25 \u00d8&hellip;","_links":{"self":[{"href":"https:\/\/feibor.com.tw\/en\/wp-json\/wp\/v2\/product\/2584","targetHints":{"allow":["GET"]}}],"collection":[{"href":"https:\/\/feibor.com.tw\/en\/wp-json\/wp\/v2\/product"}],"about":[{"href":"https:\/\/feibor.com.tw\/en\/wp-json\/wp\/v2\/types\/product"}],"version-history":[{"count":2,"href":"https:\/\/feibor.com.tw\/en\/wp-json\/wp\/v2\/product\/2584\/revisions"}],"predecessor-version":[{"id":2587,"href":"https:\/\/feibor.com.tw\/en\/wp-json\/wp\/v2\/product\/2584\/revisions\/2587"}],"wp:featuredmedia":[{"embeddable":true,"href":"https:\/\/feibor.com.tw\/en\/wp-json\/wp\/v2\/media\/2585"}],"wp:attachment":[{"href":"https:\/\/feibor.com.tw\/en\/wp-json\/wp\/v2\/media?parent=2584"}],"wp:term":[{"taxonomy":"product_cat","embeddable":true,"href":"https:\/\/feibor.com.tw\/en\/wp-json\/wp\/v2\/product_cat?post=2584"},{"taxonomy":"product_tag","embeddable":true,"href":"https:\/\/feibor.com.tw\/en\/wp-json\/wp\/v2\/product_tag?post=2584"}],"curies":[{"name":"wp","href":"https:\/\/api.w.org\/{rel}","templated":true}]}}