{"id":2996,"date":"2023-08-02T14:32:11","date_gmt":"2023-08-02T06:32:11","guid":{"rendered":"https:\/\/feibor.com.tw\/?post_type=product&#038;p=2996"},"modified":"2023-08-02T14:32:11","modified_gmt":"2023-08-02T06:32:11","slug":"%e6%b2%b9%e5%a3%93%e8%bd%89%e8%a7%92%e4%b8%8b%e5%a3%93%e7%bc%b8","status":"publish","type":"product","link":"https:\/\/feibor.com.tw\/en\/product\/%e6%b2%b9%e5%a3%93%e8%bd%89%e8%a7%92%e4%b8%8b%e5%a3%93%e7%bc%b8\/","title":{"rendered":"\u6cb9\u58d3\u8f49\u89d2\u4e0b\u58d3\u7f38"},"content":{"rendered":"<table>\n<tbody>\n<tr>\n<td>\u7f38\u5f91(mm)<\/td>\n<td>\u00d825,\u00d832,\u00d840,\u00d850,\u00d863<\/td>\n<\/tr>\n<tr>\n<td>\u4f5c\u7528\u5f62\u5f0f<\/td>\n<td>\u8907\u52d5\u5f0f<\/td>\n<\/tr>\n<tr>\n<td>\u4f7f\u7528\u6d41\u9ad4<\/td>\n<td>\u5df2\u6ffe\u6e05\u4e4b\u6a19\u6e96\u6db2\u58d3\u6cb9(ISO &#8211; VG 68)<\/td>\n<\/tr>\n<tr>\n<td>\u6700\u9ad8\u58d3\u529b(kgf\/cm\u00b2 (kPa))<\/td>\n<td>100 (10000)<\/td>\n<\/tr>\n<tr>\n<td>\u4f7f\u7528\u58d3\u529b\u7bc4\u570d(kgf\/cm\u00b2 (kPa))<\/td>\n<td>5 ~ 70 (500 ~ 7000)<\/td>\n<\/tr>\n<tr>\n<td>\u8ff4\u8f49\u884c\u7a0b(mm)<\/td>\n<td>\u00d825:9<br \/>\n\u00d832,\u00d840:11<br \/>\n\u00d850,\u00d863:13<\/td>\n<\/tr>\n<tr>\n<td>\u4e0b\u58d3\u884c\u7a0b(mm)<\/td>\n<td>\u00d825:13<br \/>\n\u00d832,\u00d840:15<br \/>\n\u00d850,\u00d863:17<\/td>\n<\/tr>\n<tr>\n<td>\u7f38\u9ad4\u6750\u8cea<\/td>\n<td>\u78b3\u7d20\u92fc<\/td>\n<\/tr>\n<tr>\n<td>\u65cb\u8f49\u89d2\u5ea6<\/td>\n<td>90\u00b0\u00b12\u00b0<\/td>\n<\/tr>\n<tr>\n<td>\u65cb\u8f49\u65b9\u5411<\/td>\n<td>\u5de6\u8f49(\u7531\u53f3\u5411\u5de6) &#8211; L \uff1b\u53f3\u8f49(\u7531\u5de6\u5411\u53f3) &#8211; R<\/td>\n<\/tr>\n<\/tbody>\n<\/table>","protected":false},"excerpt":{"rendered":"<p>\u7f38\u5f91(mm) \u00d825,\u00d832,\u00d840,\u00d850,\u00d863 \u4f5c\u7528\u5f62\u5f0f \u8907\u52d5\u5f0f \u4f7f\u7528\u6d41\u9ad4 \u5df2\u6ffe\u6e05\u4e4b\u6a19\u6e96\u6db2\u58d3\u6cb9(ISO  [&hellip;]<\/p>","protected":false},"featured_media":2997,"template":"","meta":{"rank_math_lock_modified_date":false,"_uag_custom_page_level_css":"","site-sidebar-layout":"default","site-content-layout":"default","ast-site-content-layout":"","site-content-style":"default","site-sidebar-style":"default","ast-global-header-display":"","ast-banner-title-visibility":"","ast-main-header-display":"","ast-hfb-above-header-display":"","ast-hfb-below-header-display":"","ast-hfb-mobile-header-display":"","site-post-title":"","ast-breadcrumbs-content":"","ast-featured-img":"","footer-sml-layout":"","theme-transparent-header-meta":"default","adv-header-id-meta":"","stick-header-meta":"default","header-above-stick-meta":"","header-main-stick-meta":"","header-below-stick-meta":"","astra-migrate-meta-layouts":"default","ast-page-background-enabled":"default","ast-page-background-meta":{"desktop":{"background-color":"var(--ast-global-color-4)","background-image":"","background-repeat":"repeat","background-position":"center center","background-size":"auto","background-attachment":"scroll","background-type":"","background-media":"","overlay-type":"","overlay-color":"","overlay-gradient":""},"tablet":{"background-color":"","background-image":"","background-repeat":"repeat","background-position":"center center","background-size":"auto","background-attachment":"scroll","background-type":"","background-media":"","overlay-type":"","overlay-color":"","overlay-gradient":""},"mobile":{"background-color":"","background-image":"","background-repeat":"repeat","background-position":"center center","background-size":"auto","background-attachment":"scroll","background-type":"","background-media":"","overlay-type":"","overlay-color":"","overlay-gradient":""}},"ast-content-background-meta":{"desktop":{"background-color":"var(--ast-global-color-5)","background-image":"","background-repeat":"repeat","background-position":"center center","background-size":"auto","background-attachment":"scroll","background-type":"","background-media":"","overlay-type":"","overlay-color":"","overlay-gradient":""},"tablet":{"background-color":"var(--ast-global-color-5)","background-image":"","background-repeat":"repeat","background-position":"center center","background-size":"auto","background-attachment":"scroll","background-type":"","background-media":"","overlay-type":"","overlay-color":"","overlay-gradient":""},"mobile":{"background-color":"var(--ast-global-color-5)","background-image":"","background-repeat":"repeat","background-position":"center center","background-size":"auto","background-attachment":"scroll","background-type":"","background-media":"","overlay-type":"","overlay-color":"","overlay-gradient":""}}},"product_cat":[72,49,35],"product_tag":[59],"class_list":{"0":"post-2996","1":"product","2":"type-product","3":"status-publish","4":"has-post-thumbnail","6":"product_cat-72","7":"product_cat-49","8":"product_cat-cylinder","9":"product_tag-59","10":"desktop-align-left","11":"tablet-align-left","12":"mobile-align-left","13":"ast-product-gallery-layout-horizontal-slider","14":"ast-product-gallery-with-no-image","15":"ast-product-tabs-layout-horizontal","17":"first","18":"instock","19":"shipping-taxable","20":"product-type-simple"},"acf":[],"uagb_featured_image_src":{"full":["https:\/\/feibor.com.tw\/wp-content\/uploads\/2023\/08\/Directional-Rotary-Clamp-Cylinder-001.png",250,250,false],"thumbnail":["https:\/\/feibor.com.tw\/wp-content\/uploads\/2023\/08\/Directional-Rotary-Clamp-Cylinder-001-150x150.png",150,150,true],"medium":["https:\/\/feibor.com.tw\/wp-content\/uploads\/2023\/08\/Directional-Rotary-Clamp-Cylinder-001.png",250,250,false],"medium_large":["https:\/\/feibor.com.tw\/wp-content\/uploads\/2023\/08\/Directional-Rotary-Clamp-Cylinder-001.png",250,250,false],"large":["https:\/\/feibor.com.tw\/wp-content\/uploads\/2023\/08\/Directional-Rotary-Clamp-Cylinder-001.png",250,250,false],"1536x1536":["https:\/\/feibor.com.tw\/wp-content\/uploads\/2023\/08\/Directional-Rotary-Clamp-Cylinder-001.png",250,250,false],"2048x2048":["https:\/\/feibor.com.tw\/wp-content\/uploads\/2023\/08\/Directional-Rotary-Clamp-Cylinder-001.png",250,250,false],"trp-custom-language-flag":["https:\/\/feibor.com.tw\/wp-content\/uploads\/2023\/08\/Directional-Rotary-Clamp-Cylinder-001-12x12.png",12,12,true],"woocommerce_thumbnail":["https:\/\/feibor.com.tw\/wp-content\/uploads\/2023\/08\/Directional-Rotary-Clamp-Cylinder-001.png",250,250,false],"woocommerce_single":["https:\/\/feibor.com.tw\/wp-content\/uploads\/2023\/08\/Directional-Rotary-Clamp-Cylinder-001.png",250,250,false],"woocommerce_gallery_thumbnail":["https:\/\/feibor.com.tw\/wp-content\/uploads\/2023\/08\/Directional-Rotary-Clamp-Cylinder-001-100x100.png",100,100,true]},"uagb_author_info":{"display_name":"feibor","author_link":false},"uagb_comment_info":0,"uagb_excerpt":"\u7f38\u5f91(mm) \u00d825,\u00d832,\u00d840,\u00d850,\u00d863 \u4f5c\u7528\u5f62\u5f0f \u8907\u52d5\u5f0f \u4f7f\u7528\u6d41\u9ad4 \u5df2\u6ffe\u6e05\u4e4b\u6a19\u6e96\u6db2\u58d3\u6cb9(ISO &hellip;","_links":{"self":[{"href":"https:\/\/feibor.com.tw\/en\/wp-json\/wp\/v2\/product\/2996","targetHints":{"allow":["GET"]}}],"collection":[{"href":"https:\/\/feibor.com.tw\/en\/wp-json\/wp\/v2\/product"}],"about":[{"href":"https:\/\/feibor.com.tw\/en\/wp-json\/wp\/v2\/types\/product"}],"version-history":[{"count":1,"href":"https:\/\/feibor.com.tw\/en\/wp-json\/wp\/v2\/product\/2996\/revisions"}],"predecessor-version":[{"id":2998,"href":"https:\/\/feibor.com.tw\/en\/wp-json\/wp\/v2\/product\/2996\/revisions\/2998"}],"wp:featuredmedia":[{"embeddable":true,"href":"https:\/\/feibor.com.tw\/en\/wp-json\/wp\/v2\/media\/2997"}],"wp:attachment":[{"href":"https:\/\/feibor.com.tw\/en\/wp-json\/wp\/v2\/media?parent=2996"}],"wp:term":[{"taxonomy":"product_cat","embeddable":true,"href":"https:\/\/feibor.com.tw\/en\/wp-json\/wp\/v2\/product_cat?post=2996"},{"taxonomy":"product_tag","embeddable":true,"href":"https:\/\/feibor.com.tw\/en\/wp-json\/wp\/v2\/product_tag?post=2996"}],"curies":[{"name":"wp","href":"https:\/\/api.w.org\/{rel}","templated":true}]}}