{"id":3021,"date":"2023-08-02T16:53:14","date_gmt":"2023-08-02T08:53:14","guid":{"rendered":"https:\/\/feibor.com.tw\/?post_type=product&#038;p=3021"},"modified":"2023-08-02T16:53:15","modified_gmt":"2023-08-02T08:53:15","slug":"%e4%b8%89%e8%bb%b8%e9%a0%82%e5%8d%87%e6%b0%a3%e7%bc%b8","status":"publish","type":"product","link":"https:\/\/feibor.com.tw\/en\/product\/%e4%b8%89%e8%bb%b8%e9%a0%82%e5%8d%87%e6%b0%a3%e7%bc%b8\/","title":{"rendered":"\u4e09\u8ef8\u9802\u5347\u6c23\u7f38"},"content":{"rendered":"<table>\n<tbody>\n<tr>\n<td>\u7f38\u5f91(mm)<\/td>\n<td>\u00d840,\u00d863,\u00d880<\/td>\n<\/tr>\n<tr>\n<td>\u4f5c\u52d5\u578b\u5f0f<\/td>\n<td>\u96d9\u52d5\u6c23\u7f38<\/td>\n<\/tr>\n<tr>\n<td>\u4f7f\u7528\u6d41\u9ad4<\/td>\n<td>\u7a7a\u6c23<\/td>\n<\/tr>\n<tr>\n<td>\u4f7f\u7528\u58d3\u529b\u7bc4\u570d(kgf\/cm\u00b2 (kPa))<\/td>\n<td>1~8 (100~800)<\/td>\n<\/tr>\n<tr>\n<td>\u6700\u5927\u4f7f\u7528\u58d3\u529b(kgf\/cm\u00b2 (kPa))<\/td>\n<td>9 (900)<\/td>\n<\/tr>\n<tr>\n<td>\u4f7f\u7528\u6eab\u5ea6\u7bc4\u570d(\u00b0C)<\/td>\n<td>0 ~ 60<\/td>\n<\/tr>\n<tr>\n<td>\u4f7f\u7528\u901f\u5ea6\u7bc4\u570d(mm\/sec)<\/td>\n<td>50~300<\/td>\n<\/tr>\n<tr>\n<td>\u914d\u7ba1\u63a5\u982d\u53e3\u5f91<\/td>\n<td>PT1\/8<\/td>\n<\/tr>\n<tr>\n<td>\u611f\u61c9\u88dd\u7f6e<\/td>\n<td>\u9644\u611f\u61c9\u78c1\u77f3<\/td>\n<\/tr>\n<tr>\n<td>\u7de9\u885d\u88dd\u7f6e<\/td>\n<td>\u6a61\u81a0\u7de9\u885d<\/td>\n<\/tr>\n<\/tbody>\n<\/table>","protected":false},"excerpt":{"rendered":"<p>\u7f38\u5f91(mm) \u00d840,\u00d863,\u00d880 \u4f5c\u52d5\u578b\u5f0f \u96d9\u52d5\u6c23\u7f38 \u4f7f\u7528\u6d41\u9ad4 \u7a7a\u6c23 \u4f7f\u7528\u58d3\u529b\u7bc4\u570d(kgf\/cm\u00b2 (kP [&hellip;]<\/p>","protected":false},"featured_media":3022,"template":"","meta":{"rank_math_lock_modified_date":false,"_uag_custom_page_level_css":"","site-sidebar-layout":"default","site-content-layout":"default","ast-site-content-layout":"","site-content-style":"default","site-sidebar-style":"default","ast-global-header-display":"","ast-banner-title-visibility":"","ast-main-header-display":"","ast-hfb-above-header-display":"","ast-hfb-below-header-display":"","ast-hfb-mobile-header-display":"","site-post-title":"","ast-breadcrumbs-content":"","ast-featured-img":"","footer-sml-layout":"","theme-transparent-header-meta":"default","adv-header-id-meta":"","stick-header-meta":"default","header-above-stick-meta":"","header-main-stick-meta":"","header-below-stick-meta":"","astra-migrate-meta-layouts":"default","ast-page-background-enabled":"default","ast-page-background-meta":{"desktop":{"background-color":"var(--ast-global-color-4)","background-image":"","background-repeat":"repeat","background-position":"center center","background-size":"auto","background-attachment":"scroll","background-type":"","background-media":"","overlay-type":"","overlay-color":"","overlay-gradient":""},"tablet":{"background-color":"","background-image":"","background-repeat":"repeat","background-position":"center center","background-size":"auto","background-attachment":"scroll","background-type":"","background-media":"","overlay-type":"","overlay-color":"","overlay-gradient":""},"mobile":{"background-color":"","background-image":"","background-repeat":"repeat","background-position":"center center","background-size":"auto","background-attachment":"scroll","background-type":"","background-media":"","overlay-type":"","overlay-color":"","overlay-gradient":""}},"ast-content-background-meta":{"desktop":{"background-color":"var(--ast-global-color-5)","background-image":"","background-repeat":"repeat","background-position":"center center","background-size":"auto","background-attachment":"scroll","background-type":"","background-media":"","overlay-type":"","overlay-color":"","overlay-gradient":""},"tablet":{"background-color":"var(--ast-global-color-5)","background-image":"","background-repeat":"repeat","background-position":"center center","background-size":"auto","background-attachment":"scroll","background-type":"","background-media":"","overlay-type":"","overlay-color":"","overlay-gradient":""},"mobile":{"background-color":"var(--ast-global-color-5)","background-image":"","background-repeat":"repeat","background-position":"center center","background-size":"auto","background-attachment":"scroll","background-type":"","background-media":"","overlay-type":"","overlay-color":"","overlay-gradient":""}}},"product_cat":[72,53,35],"product_tag":[59],"class_list":{"0":"post-3021","1":"product","2":"type-product","3":"status-publish","4":"has-post-thumbnail","6":"product_cat-72","7":"product_cat-53","8":"product_cat-cylinder","9":"product_tag-59","10":"desktop-align-left","11":"tablet-align-left","12":"mobile-align-left","13":"ast-product-gallery-layout-horizontal-slider","14":"ast-product-gallery-with-no-image","15":"ast-product-tabs-layout-horizontal","17":"first","18":"instock","19":"shipping-taxable","20":"product-type-simple"},"acf":[],"uagb_featured_image_src":{"full":["https:\/\/feibor.com.tw\/wp-content\/uploads\/2023\/08\/Triple-guide-Cylinder-002.png",250,250,false],"thumbnail":["https:\/\/feibor.com.tw\/wp-content\/uploads\/2023\/08\/Triple-guide-Cylinder-002-150x150.png",150,150,true],"medium":["https:\/\/feibor.com.tw\/wp-content\/uploads\/2023\/08\/Triple-guide-Cylinder-002.png",250,250,false],"medium_large":["https:\/\/feibor.com.tw\/wp-content\/uploads\/2023\/08\/Triple-guide-Cylinder-002.png",250,250,false],"large":["https:\/\/feibor.com.tw\/wp-content\/uploads\/2023\/08\/Triple-guide-Cylinder-002.png",250,250,false],"1536x1536":["https:\/\/feibor.com.tw\/wp-content\/uploads\/2023\/08\/Triple-guide-Cylinder-002.png",250,250,false],"2048x2048":["https:\/\/feibor.com.tw\/wp-content\/uploads\/2023\/08\/Triple-guide-Cylinder-002.png",250,250,false],"trp-custom-language-flag":["https:\/\/feibor.com.tw\/wp-content\/uploads\/2023\/08\/Triple-guide-Cylinder-002-12x12.png",12,12,true],"woocommerce_thumbnail":["https:\/\/feibor.com.tw\/wp-content\/uploads\/2023\/08\/Triple-guide-Cylinder-002.png",250,250,false],"woocommerce_single":["https:\/\/feibor.com.tw\/wp-content\/uploads\/2023\/08\/Triple-guide-Cylinder-002.png",250,250,false],"woocommerce_gallery_thumbnail":["https:\/\/feibor.com.tw\/wp-content\/uploads\/2023\/08\/Triple-guide-Cylinder-002-100x100.png",100,100,true]},"uagb_author_info":{"display_name":"feibor","author_link":false},"uagb_comment_info":0,"uagb_excerpt":"\u7f38\u5f91(mm) \u00d840,\u00d863,\u00d880 \u4f5c\u52d5\u578b\u5f0f \u96d9\u52d5\u6c23\u7f38 \u4f7f\u7528\u6d41\u9ad4 \u7a7a\u6c23 \u4f7f\u7528\u58d3\u529b\u7bc4\u570d(kgf\/cm\u00b2 (kP&hellip;","_links":{"self":[{"href":"https:\/\/feibor.com.tw\/en\/wp-json\/wp\/v2\/product\/3021","targetHints":{"allow":["GET"]}}],"collection":[{"href":"https:\/\/feibor.com.tw\/en\/wp-json\/wp\/v2\/product"}],"about":[{"href":"https:\/\/feibor.com.tw\/en\/wp-json\/wp\/v2\/types\/product"}],"version-history":[{"count":1,"href":"https:\/\/feibor.com.tw\/en\/wp-json\/wp\/v2\/product\/3021\/revisions"}],"predecessor-version":[{"id":3023,"href":"https:\/\/feibor.com.tw\/en\/wp-json\/wp\/v2\/product\/3021\/revisions\/3023"}],"wp:featuredmedia":[{"embeddable":true,"href":"https:\/\/feibor.com.tw\/en\/wp-json\/wp\/v2\/media\/3022"}],"wp:attachment":[{"href":"https:\/\/feibor.com.tw\/en\/wp-json\/wp\/v2\/media?parent=3021"}],"wp:term":[{"taxonomy":"product_cat","embeddable":true,"href":"https:\/\/feibor.com.tw\/en\/wp-json\/wp\/v2\/product_cat?post=3021"},{"taxonomy":"product_tag","embeddable":true,"href":"https:\/\/feibor.com.tw\/en\/wp-json\/wp\/v2\/product_tag?post=3021"}],"curies":[{"name":"wp","href":"https:\/\/api.w.org\/{rel}","templated":true}]}}